{"id":1857,"date":"2021-07-30T09:22:45","date_gmt":"2021-07-30T09:22:45","guid":{"rendered":"https:\/\/seafarer.qodeinteractive.com\/?page_id=1857"},"modified":"2026-02-10T10:50:06","modified_gmt":"2026-02-10T10:50:06","slug":"articles","status":"publish","type":"page","link":"https:\/\/labrigadechefs.com\/es\/articles\/","title":{"rendered":"Blog No Sidebar"},"content":{"rendered":"\t\t<div data-elementor-type=\"wp-page\" data-elementor-id=\"1857\" class=\"elementor elementor-1857\">\n\t\t\t\t\t\t<section class=\"elementor-section elementor-top-section elementor-element elementor-element-30c5377 elementor-section-boxed elementor-section-height-default elementor-section-height-default qodef-elementor-content-no\" data-id=\"30c5377\" data-element_type=\"section\" data-e-type=\"section\">\n\t\t\t\t\t\t<div class=\"elementor-container elementor-column-gap-default\">\n\t\t\t\t\t<div class=\"elementor-column elementor-col-100 elementor-top-column elementor-element elementor-element-6e7f49c\" data-id=\"6e7f49c\" data-element_type=\"column\" data-e-type=\"column\">\n\t\t\t<div class=\"elementor-widget-wrap elementor-element-populated\">\n\t\t\t\t\t\t<div class=\"elementor-element elementor-element-841181b elementor-widget elementor-widget-seafarer_core_blog_list\" data-id=\"841181b\" data-element_type=\"widget\" data-e-type=\"widget\" data-widget_type=\"seafarer_core_blog_list.default\">\n\t\t\t\t<div class=\"elementor-widget-container\">\n\t\t\t\t\t<div class=\"qodef-shortcode qodef-m qodef-blog qodef--list qodef-item-layout--standard qodef-grid qodef-layout--columns qodef-gutter--normal qodef-col-num--1 qodef-item-layout--standard qodef-pagination--on qodef-pagination-type--standard qodef-responsive--predefined qodef-swiper-pagination--on\" data-options=\"{&quot;plugin&quot;:&quot;seafarer_core&quot;,&quot;module&quot;:&quot;blog\\\/shortcodes&quot;,&quot;shortcode&quot;:&quot;blog-list&quot;,&quot;post_type&quot;:&quot;post&quot;,&quot;next_page&quot;:&quot;2&quot;,&quot;max_pages_num&quot;:1,&quot;behavior&quot;:&quot;columns&quot;,&quot;images_proportion&quot;:&quot;full&quot;,&quot;columns&quot;:&quot;1&quot;,&quot;columns_responsive&quot;:&quot;predefined&quot;,&quot;columns_1440&quot;:&quot;3&quot;,&quot;columns_1366&quot;:&quot;3&quot;,&quot;columns_1024&quot;:&quot;3&quot;,&quot;columns_768&quot;:&quot;3&quot;,&quot;columns_680&quot;:&quot;3&quot;,&quot;columns_480&quot;:&quot;3&quot;,&quot;space&quot;:&quot;normal&quot;,&quot;posts_per_page&quot;:&quot;5&quot;,&quot;orderby&quot;:&quot;date&quot;,&quot;order&quot;:&quot;ASC&quot;,&quot;additional_params&quot;:&quot;tax&quot;,&quot;tax&quot;:&quot;category&quot;,&quot;tax_slug&quot;:&quot;Brigade&quot;,&quot;layout&quot;:&quot;standard&quot;,&quot;title_tag&quot;:&quot;h2&quot;,&quot;excerpt_length&quot;:&quot;550&quot;,&quot;pagination_type&quot;:&quot;standard&quot;,&quot;object_class_name&quot;:&quot;SeafarerCore_Blog_List_Shortcode&quot;,&quot;taxonomy_filter&quot;:&quot;category&quot;,&quot;additional_query_args&quot;:{&quot;tax_query&quot;:[{&quot;taxonomy&quot;:&quot;category&quot;,&quot;field&quot;:&quot;slug&quot;,&quot;terms&quot;:&quot;Brigade&quot;}]},&quot;space_value&quot;:15}\">\n\t\t<div class=\"qodef-grid-inner clear\">\n\t\t<article class=\"qodef-e qodef-blog-item qodef-grid-item qodef-item--full post-5583 post type-post status-publish format-standard hentry category-brigade\">\n\t<div class=\"qodef-e-inner\">\n\t\t<div class=\"qodef-e-media\">\n\t\t<div class=\"qodef-e-media-image\">\n\t\t<span class=\"qodef-m-border--top-left\"><\/span>\n\t\t<span class=\"qodef-m-border--bottom-right\"><\/span>\n\t\t<a itemprop=\"url\" href=\"https:\/\/labrigadechefs.com\/es\/2026\/02\/15\/une-formation-creee-par-des-chefs-pour-des-chefs-lhistoire-de-la-brigade\/\">\n\t\t\t<img fetchpriority=\"high\" decoding=\"async\" width=\"1536\" height=\"1024\" src=\"https:\/\/labrigadechefs.com\/wp-content\/uploads\/2026\/02\/ChatGPT-Image-15-fevr.-2026-01_03_29.png\" class=\"attachment-full size-full\" alt=\"\" srcset=\"https:\/\/labrigadechefs.com\/wp-content\/uploads\/2026\/02\/ChatGPT-Image-15-fevr.-2026-01_03_29.png 1536w, https:\/\/labrigadechefs.com\/wp-content\/uploads\/2026\/02\/ChatGPT-Image-15-fevr.-2026-01_03_29-300x200.png 300w, https:\/\/labrigadechefs.com\/wp-content\/uploads\/2026\/02\/ChatGPT-Image-15-fevr.-2026-01_03_29-1024x683.png 1024w, https:\/\/labrigadechefs.com\/wp-content\/uploads\/2026\/02\/ChatGPT-Image-15-fevr.-2026-01_03_29-768x512.png 768w, https:\/\/labrigadechefs.com\/wp-content\/uploads\/2026\/02\/ChatGPT-Image-15-fevr.-2026-01_03_29-18x12.png 18w\" sizes=\"(max-width: 1536px) 100vw, 1536px\" \/>\t\t<\/a>\n\t<\/div>\n<\/div>\n\t\t<div class=\"qodef-e-content\">\n\t\t\t<div class=\"qodef-e-top-holder\">\n\t\t\t\t<div class=\"qodef-e-info\">\n\t\t\t\t\t<a itemprop=\"dateCreated\" href=\"https:\/\/labrigadechefs.com\/es\/2026\/02\/\" class=\"entry-date \">\n\tfebrero 15, 2026<\/a><div class=\"qodef-info-separator-end\"><\/div><a href=\"https:\/\/labrigadechefs.com\/es\/category\/brigade\/\" rel=\"tag\">Brigade<\/a><div class=\"qodef-info-separator-end\"><\/div>\t\t\t\t<\/div>\n\t\t\t<\/div>\n\t\t\t<div class=\"qodef-e-text\">\n\t\t\t\t<h2 itemprop=\"name\" class=\"qodef-e-title entry-title\" >\n\t<a itemprop=\"url\" class=\"qodef-e-title-link\" href=\"https:\/\/labrigadechefs.com\/es\/2026\/02\/15\/une-formation-creee-par-des-chefs-pour-des-chefs-lhistoire-de-la-brigade\/\">\n\t\tUne formation cr\u00e9\u00e9e par des chefs, pour des chefs : l\u2019histoire de La Brigade\t<\/a>\n<\/h2>\n\t\t<p itemprop=\"description\" class=\"qodef-e-excerpt\">Introduction Dans un secteur aussi exigeant que celui du chef priv\u00e9 en villa et sur yacht, la qualit\u00e9 de la formation fait toute la diff\u00e9rence. Se lancer seul peut sembler s\u00e9duisant, mais le m\u00e9tier demande bien plus que du talent culinaire : organisation, posture professionnelle, compr\u00e9hension du march\u00e9 et strat\u00e9gie sont indispensables. C\u2019est pr\u00e9cis\u00e9ment pour [&hellip;]<\/p>\n\t\t\t\t<\/div>\n\t\t\t<div class=\"qodef-e-bottom-holder\">\n\t\t\t\t<div class=\"qodef-e-left\">\n\t\t\t\t\t\t<div class=\"qodef-e-read-more\">\n\t\t<a class=\"qodef-shortcode qodef-m qodef-button qodef-layout--textual qodef-html--link\" href=\"https:\/\/labrigadechefs.com\/es\/2026\/02\/15\/une-formation-creee-par-des-chefs-pour-des-chefs-lhistoire-de-la-brigade\/\" target=\"_self\"  >\t<span class=\"qodef-m-text\">Read More<\/span>            <span class=\"qodef-m-icon\"> <span class=\"qodef-icon-linear-icons lnr-arrow-right lnr\" ><\/span> <\/span>        <\/a>\t<\/div>\n\t\t\t\t<\/div>\n\t\t\t<\/div>\n\t\t<\/div>\n\t<\/div>\n<\/article>\n\t<\/div>\n\t<\/div>\n\t\t\t\t<\/div>\n\t\t\t\t<\/div>\n\t\t\t\t\t<\/div>\n\t\t<\/div>\n\t\t\t\t\t<\/div>\n\t\t<\/section>\n\t\t\t\t<\/div>\n\t\t","protected":false},"excerpt":{"rendered":"<p>No posts were found for provided query parameters.<\/p>","protected":false},"author":1,"featured_media":0,"parent":0,"menu_order":0,"comment_status":"closed","ping_status":"closed","template":"","meta":{"footnotes":""},"class_list":["post-1857","page","type-page","status-publish","hentry"],"_links":{"self":[{"href":"https:\/\/labrigadechefs.com\/es\/wp-json\/wp\/v2\/pages\/1857","targetHints":{"allow":["GET"]}}],"collection":[{"href":"https:\/\/labrigadechefs.com\/es\/wp-json\/wp\/v2\/pages"}],"about":[{"href":"https:\/\/labrigadechefs.com\/es\/wp-json\/wp\/v2\/types\/page"}],"author":[{"embeddable":true,"href":"https:\/\/labrigadechefs.com\/es\/wp-json\/wp\/v2\/users\/1"}],"replies":[{"embeddable":true,"href":"https:\/\/labrigadechefs.com\/es\/wp-json\/wp\/v2\/comments?post=1857"}],"version-history":[{"count":3,"href":"https:\/\/labrigadechefs.com\/es\/wp-json\/wp\/v2\/pages\/1857\/revisions"}],"predecessor-version":[{"id":5567,"href":"https:\/\/labrigadechefs.com\/es\/wp-json\/wp\/v2\/pages\/1857\/revisions\/5567"}],"wp:attachment":[{"href":"https:\/\/labrigadechefs.com\/es\/wp-json\/wp\/v2\/media?parent=1857"}],"curies":[{"name":"wp","href":"https:\/\/api.w.org\/{rel}","templated":true}]}}