{"id":1414,"date":"2021-07-28T09:24:55","date_gmt":"2021-07-28T09:24:55","guid":{"rendered":"https:\/\/seafarer.qodeinteractive.com\/?page_id=1414"},"modified":"2026-02-10T10:59:38","modified_gmt":"2026-02-10T10:59:38","slug":"contact","status":"publish","type":"page","link":"https:\/\/labrigadechefs.com\/es\/contact\/","title":{"rendered":"Contacto"},"content":{"rendered":"\t\t<div data-elementor-type=\"wp-page\" data-elementor-id=\"1414\" class=\"elementor elementor-1414\">\n\t\t\t\t\t\t<section class=\"elementor-section elementor-top-section elementor-element elementor-element-fac3bd9 elementor-section-full_width qodef-elementor-content-grid elementor-section-height-default elementor-section-height-default\" data-id=\"fac3bd9\" data-element_type=\"section\" data-e-type=\"section\">\n\t\t\t\t\t\t<div class=\"elementor-container elementor-column-gap-default\">\n\t\t\t\t\t<div class=\"elementor-column elementor-col-100 elementor-top-column elementor-element elementor-element-43858fb\" data-id=\"43858fb\" data-element_type=\"column\" data-e-type=\"column\">\n\t\t\t<div class=\"elementor-widget-wrap elementor-element-populated\">\n\t\t\t\t\t\t<div class=\"elementor-element elementor-element-b00d4f8 elementor-widget elementor-widget-text-editor\" data-id=\"b00d4f8\" data-element_type=\"widget\" data-e-type=\"widget\" data-widget_type=\"text-editor.default\">\n\t\t\t\t\t\t\t\t\t<p style=\"font-size: 17px; line-height: 28px;\">Une question, un projet ou l\u2019envie d\u2019en savoir plus sur La Brigade ?<br \/>Contactez-nous et \u00e9changeons ensemble sur votre parcours et vos objectifs.<\/p>\t\t\t\t\t\t\t\t<\/div>\n\t\t\t\t\t<\/div>\n\t\t<\/div>\n\t\t\t\t\t<\/div>\n\t\t<\/section>\n\t\t\t\t<section class=\"elementor-section elementor-top-section elementor-element elementor-element-0f92f52 elementor-section-full_width qodef-elementor-content-grid elementor-section-height-default elementor-section-height-default\" data-id=\"0f92f52\" data-element_type=\"section\" data-e-type=\"section\">\n\t\t\t\t\t\t<div class=\"elementor-container elementor-column-gap-default\">\n\t\t\t\t\t<div class=\"elementor-column elementor-col-100 elementor-top-column elementor-element elementor-element-22e24f0\" data-id=\"22e24f0\" data-element_type=\"column\" data-e-type=\"column\">\n\t\t\t<div class=\"elementor-widget-wrap elementor-element-populated\">\n\t\t\t\t\t\t<div class=\"elementor-element elementor-element-fdf97ec elementor-widget elementor-widget-seafarer_core_google_map\" data-id=\"fdf97ec\" data-element_type=\"widget\" data-e-type=\"widget\" data-widget_type=\"seafarer_core_google_map.default\">\n\t\t\t\t<div class=\"elementor-widget-container\">\n\t\t\t\t\t<div class=\"qodef-shortcode qodef-m qodef-google-map\">\n\t<div class=\"qodef-m-map\" id=\"qodef-map-id--563\" data-addresses='[\"Pireas 185 38, Greece\"]' data-pin=https:\/\/labrigadechefs.com\/wp-content\/uploads\/2021\/10\/Pin.png data-unique-id=563 data-height=400><\/div>\n<\/div>\n\t\t\t\t<\/div>\n\t\t\t\t<\/div>\n\t\t\t\t\t<\/div>\n\t\t<\/div>\n\t\t\t\t\t<\/div>\n\t\t<\/section>\n\t\t\t\t<section class=\"elementor-section elementor-top-section elementor-element elementor-element-d062919 qodef-elementor-content-grid elementor-section-boxed elementor-section-height-default elementor-section-height-default\" data-id=\"d062919\" data-element_type=\"section\" data-e-type=\"section\">\n\t\t\t\t\t\t<div class=\"elementor-container elementor-column-gap-default\">\n\t\t\t\t\t<div class=\"elementor-column elementor-col-50 elementor-top-column elementor-element elementor-element-d564271\" data-id=\"d564271\" data-element_type=\"column\" data-e-type=\"column\">\n\t\t\t<div class=\"elementor-widget-wrap elementor-element-populated\">\n\t\t\t\t\t\t<div class=\"elementor-element elementor-element-756516b elementor-widget elementor-widget-text-editor\" data-id=\"756516b\" data-element_type=\"widget\" data-e-type=\"widget\" data-widget_type=\"text-editor.default\">\n\t\t\t\t\t\t\t\t\t<h4>FRANCE<\/h4>\t\t\t\t\t\t\t\t<\/div>\n\t\t\t\t<div class=\"elementor-element elementor-element-52f01e1 elementor-widget elementor-widget-text-editor\" data-id=\"52f01e1\" data-element_type=\"widget\" data-e-type=\"widget\" data-widget_type=\"text-editor.default\">\n\t\t\t\t\t\t\t\t\t<p><em><strong><a href=\"https:\/\/calendly.com\/labrigade-chefs\/30min\">Prendre un rendez-vous<\/a><\/strong><\/em><\/p>\t\t\t\t\t\t\t\t<\/div>\n\t\t\t\t<div class=\"elementor-element elementor-element-ff22f68 elementor-widget elementor-widget-text-editor\" data-id=\"ff22f68\" data-element_type=\"widget\" data-e-type=\"widget\" data-widget_type=\"text-editor.default\">\n\t\t\t\t\t\t\t\t\t<p><em><strong><a href=\"mailto:labrigade.chefs@gmail.com\">labrigade.chefs@gmail.com<\/a><\/strong><\/em><\/p>\t\t\t\t\t\t\t\t<\/div>\n\t\t\t\t<div class=\"elementor-element elementor-element-5ea23ca elementor-widget elementor-widget-text-editor\" data-id=\"5ea23ca\" data-element_type=\"widget\" data-e-type=\"widget\" data-widget_type=\"text-editor.default\">\n\t\t\t\t\t\t\t\t\t<p>Nous r\u00e9pondons g\u00e9n\u00e9ralement sous 48h<\/p>\t\t\t\t\t\t\t\t<\/div>\n\t\t\t\t\t<\/div>\n\t\t<\/div>\n\t\t\t\t<div class=\"elementor-column elementor-col-50 elementor-top-column elementor-element elementor-element-458a908\" data-id=\"458a908\" data-element_type=\"column\" data-e-type=\"column\">\n\t\t\t<div class=\"elementor-widget-wrap elementor-element-populated\">\n\t\t\t\t\t\t<div class=\"elementor-element elementor-element-a9f02fd elementor-widget elementor-widget-text-editor\" data-id=\"a9f02fd\" data-element_type=\"widget\" data-e-type=\"widget\" data-widget_type=\"text-editor.default\">\n\t\t\t\t\t\t\t\t\t<h4>Espa\u00f1a<\/h4>\t\t\t\t\t\t\t\t<\/div>\n\t\t\t\t<div class=\"elementor-element elementor-element-42aeb01 elementor-widget elementor-widget-text-editor\" data-id=\"42aeb01\" data-element_type=\"widget\" data-e-type=\"widget\" data-widget_type=\"text-editor.default\">\n\t\t\t\t\t\t\t\t\t<p><strong><em><a href=\"https:\/\/calendly.com\/privilegechefs-x-labrigade\/30min\">Solicite su cita en l\u00ednea<\/a><\/em><\/strong><\/p>\t\t\t\t\t\t\t\t<\/div>\n\t\t\t\t<div class=\"elementor-element elementor-element-cb3d80f elementor-widget elementor-widget-text-editor\" data-id=\"cb3d80f\" data-element_type=\"widget\" data-e-type=\"widget\" data-widget_type=\"text-editor.default\">\n\t\t\t\t\t\t\t\t\t<div class=\"_5126c0cd07f243a0-message _5126c0cd07f243a0-cozyMessage c19a557985eb7793-wrapper c19a557985eb7793-cozy c19a557985eb7793-zalgo\" tabindex=\"-1\" role=\"article\" data-list-item-id=\"chat-messages___chat-messages-678329335723065357-1458929505912754186\" aria-setsize=\"-1\" aria-roledescription=\"Message\" aria-labelledby=\"message-username-1458929133407965184 uid_1 message-content-1458929505912754186 uid_2 message-timestamp-1458929505912754186\"><div class=\"c19a557985eb7793-contents\"><div id=\"message-content-1458929505912754186\" class=\"_752971923a1e6683-markup c19a557985eb7793-messageContent\"><em><strong><a href=\"mailto:privilegechefs.x.labrigade@gmail.com\">privilegechefs.x.labrigade@gmail.com<\/a><\/strong><\/em><\/div><\/div><\/div>\t\t\t\t\t\t\t\t<\/div>\n\t\t\t\t<div class=\"elementor-element elementor-element-d49f6b7 elementor-widget elementor-widget-text-editor\" data-id=\"d49f6b7\" data-element_type=\"widget\" data-e-type=\"widget\" data-widget_type=\"text-editor.default\">\n\t\t\t\t\t\t\t\t\t<p>Solemos responder en un plazo de 48 horas.<\/p>\t\t\t\t\t\t\t\t<\/div>\n\t\t\t\t\t<\/div>\n\t\t<\/div>\n\t\t\t\t\t<\/div>\n\t\t<\/section>\n\t\t\t\t<\/div>\n\t\t","protected":false},"excerpt":{"rendered":"<p>Une question, un projet ou l\u2019envie d\u2019en savoir plus sur La Brigade ?Contactez-nous et \u00e9changeons ensemble sur votre parcours et vos objectifs. FRANCE Prendre un rendez-vous labrigade.chefs@gmail.com Nous r\u00e9pondons g\u00e9n\u00e9ralement sous 48h Espa\u00f1a Solicite su cita en l\u00ednea privilegechefs.x.labrigade@gmail.com Solemos responder en un plazo de 48 horas.<\/p>","protected":false},"author":1,"featured_media":0,"parent":0,"menu_order":0,"comment_status":"closed","ping_status":"closed","template":"page-full-width.php","meta":{"footnotes":""},"class_list":["post-1414","page","type-page","status-publish","hentry"],"_links":{"self":[{"href":"https:\/\/labrigadechefs.com\/es\/wp-json\/wp\/v2\/pages\/1414","targetHints":{"allow":["GET"]}}],"collection":[{"href":"https:\/\/labrigadechefs.com\/es\/wp-json\/wp\/v2\/pages"}],"about":[{"href":"https:\/\/labrigadechefs.com\/es\/wp-json\/wp\/v2\/types\/page"}],"author":[{"embeddable":true,"href":"https:\/\/labrigadechefs.com\/es\/wp-json\/wp\/v2\/users\/1"}],"replies":[{"embeddable":true,"href":"https:\/\/labrigadechefs.com\/es\/wp-json\/wp\/v2\/comments?post=1414"}],"version-history":[{"count":27,"href":"https:\/\/labrigadechefs.com\/es\/wp-json\/wp\/v2\/pages\/1414\/revisions"}],"predecessor-version":[{"id":5482,"href":"https:\/\/labrigadechefs.com\/es\/wp-json\/wp\/v2\/pages\/1414\/revisions\/5482"}],"wp:attachment":[{"href":"https:\/\/labrigadechefs.com\/es\/wp-json\/wp\/v2\/media?parent=1414"}],"curies":[{"name":"wp","href":"https:\/\/api.w.org\/{rel}","templated":true}]}}