{"id":1310,"date":"2021-07-28T07:18:08","date_gmt":"2021-07-28T07:18:08","guid":{"rendered":"https:\/\/seafarer.qodeinteractive.com\/?page_id=1310"},"modified":"2026-02-10T10:28:54","modified_gmt":"2026-02-10T10:28:54","slug":"our-crew","status":"publish","type":"page","link":"https:\/\/labrigadechefs.com\/es\/our-crew\/","title":{"rendered":"Nuestro equipo"},"content":{"rendered":"<div data-elementor-type=\"wp-page\" data-elementor-id=\"1310\" class=\"elementor elementor-1310\">\n\t\t\t\t\t\t<section class=\"elementor-section elementor-top-section elementor-element elementor-element-dd19a20 elementor-section-full_width qodef-elementor-content-grid elementor-section-height-default elementor-section-height-default\" data-id=\"dd19a20\" data-element_type=\"section\" data-e-type=\"section\">\n\t\t\t\t\t\t<div class=\"elementor-container elementor-column-gap-default\">\n\t\t\t\t\t<div class=\"elementor-column elementor-col-100 elementor-top-column elementor-element elementor-element-bb048a5\" data-id=\"bb048a5\" data-element_type=\"column\" data-e-type=\"column\">\n\t\t\t<div class=\"elementor-widget-wrap elementor-element-populated\">\n\t\t\t\t\t\t<div class=\"elementor-element elementor-element-16cc9ce elementor-widget elementor-widget-seafarer_core_section_title\" data-id=\"16cc9ce\" data-element_type=\"widget\" data-e-type=\"widget\" data-widget_type=\"seafarer_core_section_title.default\">\n\t\t\t\t<div class=\"elementor-widget-container\">\n\t\t\t\t\t<div class=\"qodef-shortcode qodef-m qodef-section-title qodef-alignment--center\">\n\t\t<div class=\"qodef-m-content\">\n\t\t    <span class=\"qodef-m-background-text\" >\n    Explore    <\/span>\n\n\t\t\t\t\t<h1 class=\"qodef-m-title\" >\n\t\t\t\t\tNuestro equipo\t\t\t<\/h1>\n\t\t\t<p class=\"qodef-m-text\" >Une formation cr\u00e9\u00e9e par des chefs, pour des chefs<\/p>\n\t<\/div>\n<\/div>\n\t\t\t\t<\/div>\n\t\t\t\t<\/div>\n\t\t\t\t\t<\/div>\n\t\t<\/div>\n\t\t\t\t\t<\/div>\n\t\t<\/section>\n\t\t\t\t<section class=\"elementor-section elementor-top-section elementor-element elementor-element-b7f0e62 elementor-section-full_width qodef-elementor-content-grid elementor-section-height-default elementor-section-height-default\" data-id=\"b7f0e62\" data-element_type=\"section\" data-e-type=\"section\" data-settings=\"{&quot;background_background&quot;:&quot;classic&quot;}\">\n\t\t\t\t\t\t<div class=\"elementor-container elementor-column-gap-default\">\n\t\t\t\t\t<div class=\"elementor-column elementor-col-50 elementor-top-column elementor-element elementor-element-b8e4d15\" data-id=\"b8e4d15\" data-element_type=\"column\" data-e-type=\"column\">\n\t\t\t<div class=\"elementor-widget-wrap elementor-element-populated\">\n\t\t\t\t\t\t<div class=\"elementor-element elementor-element-691bcf5 elementor-widget__width-initial elementor-widget elementor-widget-image\" data-id=\"691bcf5\" data-element_type=\"widget\" data-e-type=\"widget\" data-widget_type=\"image.default\">\n\t\t\t\t\t\t\t\t\t\t\t\t\t\t\t<img fetchpriority=\"high\" decoding=\"async\" width=\"437\" height=\"600\" src=\"https:\/\/labrigadechefs.com\/wp-content\/uploads\/2026\/01\/Guigui_Jpoeg600-e1769447727361.jpg\" class=\"attachment-large size-large wp-image-5292\" alt=\"\" srcset=\"https:\/\/labrigadechefs.com\/wp-content\/uploads\/2026\/01\/Guigui_Jpoeg600-e1769447727361.jpg 437w, https:\/\/labrigadechefs.com\/wp-content\/uploads\/2026\/01\/Guigui_Jpoeg600-e1769447727361-219x300.jpg 219w\" sizes=\"(max-width: 437px) 100vw, 437px\" \/>\t\t\t\t\t\t\t\t\t\t\t\t\t\t\t<\/div>\n\t\t\t\t\t<\/div>\n\t\t<\/div>\n\t\t\t\t<div class=\"elementor-column elementor-col-50 elementor-top-column elementor-element elementor-element-af26e99\" data-id=\"af26e99\" data-element_type=\"column\" data-e-type=\"column\" data-settings=\"{&quot;background_background&quot;:&quot;classic&quot;}\">\n\t\t\t<div class=\"elementor-widget-wrap elementor-element-populated\">\n\t\t\t\t\t\t<div class=\"elementor-element elementor-element-f23202b elementor-widget elementor-widget-heading\" data-id=\"f23202b\" data-element_type=\"widget\" data-e-type=\"widget\" data-widget_type=\"heading.default\">\n\t\t\t\t\t<h3 class=\"elementor-heading-title elementor-size-default\">Guillaume \u2014 Chef Priv\u00e9<\/h3>\t\t\t\t<\/div>\n\t\t\t\t<div class=\"elementor-element elementor-element-7b86232 elementor-widget elementor-widget-text-editor\" data-id=\"7b86232\" data-element_type=\"widget\" data-e-type=\"widget\" data-widget_type=\"text-editor.default\">\n\t\t\t\t\t\t\t\t\t<p>Je m\u2019appelle Guillaume, j\u2019ai 28 ans, et la cuisine est une vocation depuis mes 14 ans.<\/p><p>Tr\u00e8s t\u00f4t, j\u2019ai choisi un parcours exigeant, en \u00e9voluant au sein de restaurants \u00e9toil\u00e9s, de palaces et d\u2019h\u00f4tels 5 \u00e9toiles, o\u00f9 l\u2019excellence et le souci du d\u00e9tail sont omnipr\u00e9sents.<\/p><p>Ces exp\u00e9riences m\u2019ont permis d\u2019atteindre un haut niveau technique, mais aussi de prendre conscience des limites du mod\u00e8le traditionnel : un rythme intense, une pression constante et peu de place pour l\u2019\u00e9quilibre personnel.<\/p><p>Ce constat a marqu\u00e9 un tournant. Il m\u2019a conduit vers le m\u00e9tier de chef priv\u00e9, un choix qui m\u2019a permis de redonner du sens \u00e0 mon m\u00e9tier, de replacer l\u2019humain au c\u0153ur de l\u2019exp\u00e9rience culinaire et de retrouver une v\u00e9ritable libert\u00e9 professionnelle.<\/p><p>Aujourd\u2019hui, \u00e0 travers La Brigade, je partage cette exp\u00e9rience et accompagne les chefs dans la structuration de leur activit\u00e9, afin de leur permettre de construire une carri\u00e8re durable, align\u00e9e et exigeante, o\u00f9 excellence et libert\u00e9 vont de pair.<\/p>\t\t\t\t\t\t\t\t<\/div>\n\t\t\t\t\t<\/div>\n\t\t<\/div>\n\t\t\t\t\t<\/div>\n\t\t<\/section>\n\t\t\t\t<section class=\"elementor-section elementor-top-section elementor-element elementor-element-cb1ceb8 elementor-section-full_width qodef-elementor-content-grid elementor-section-height-default elementor-section-height-default\" data-id=\"cb1ceb8\" data-element_type=\"section\" data-e-type=\"section\" data-settings=\"{&quot;background_background&quot;:&quot;classic&quot;}\">\n\t\t\t\t\t\t<div class=\"elementor-container elementor-column-gap-default\">\n\t\t\t\t\t<div class=\"elementor-column elementor-col-50 elementor-top-column elementor-element elementor-element-20deb24\" data-id=\"20deb24\" data-element_type=\"column\" data-e-type=\"column\">\n\t\t\t<div class=\"elementor-widget-wrap elementor-element-populated\">\n\t\t\t\t\t\t<div class=\"elementor-element elementor-element-8a11471 elementor-widget elementor-widget-heading\" data-id=\"8a11471\" data-element_type=\"widget\" data-e-type=\"widget\" data-widget_type=\"heading.default\">\n\t\t\t\t\t<h3 class=\"elementor-heading-title elementor-size-default\">Benoit- Yacht Chef<\/h3>\t\t\t\t<\/div>\n\t\t\t\t<div class=\"elementor-element elementor-element-0761bd6 elementor-widget elementor-widget-text-editor\" data-id=\"0761bd6\" data-element_type=\"widget\" data-e-type=\"widget\" data-widget_type=\"text-editor.default\">\n\t\t\t\t\t\t\t\t\t<p>Apr\u00e8s 15 ans en cuisine traditionnelle, j\u2019ai choisi de devenir chef sur les yachts, un tournant qui a profond\u00e9ment transform\u00e9 ma carri\u00e8re et ma vie.<\/p><p>Depuis pr\u00e8s de 15 ans, ce m\u00e9tier m\u2019a permis de voyager \u00e0 travers le monde, de travailler dans des lieux uniques et d\u2019\u00e9voluer au contact d\u2019une client\u00e8le internationale exigeante, dans des environnements o\u00f9 chaque mission est diff\u00e9rente et chaque exp\u00e9rience singuli\u00e8re.<\/p><p>Le yachting m\u2019a offert bien plus qu\u2019un cadre de travail : une libert\u00e9, une richesse humaine et une vision nouvelle du m\u00e9tier de chef, loin des sch\u00e9mas traditionnels.<\/p><p>Aujourd\u2019hui, \u00e0 travers La Brigade, je transmets cette r\u00e9alit\u00e9 du terrain et les cl\u00e9s essentielles pour permettre aux chefs de construire une carri\u00e8re durable, align\u00e9e et \u00e9panouissante dans l\u2019univers du chef priv\u00e9 et du yachting.<\/p>\t\t\t\t\t\t\t\t<\/div>\n\t\t\t\t\t<\/div>\n\t\t<\/div>\n\t\t\t\t<div class=\"elementor-column elementor-col-50 elementor-top-column elementor-element elementor-element-977f95a\" data-id=\"977f95a\" data-element_type=\"column\" data-e-type=\"column\">\n\t\t\t<div class=\"elementor-widget-wrap elementor-element-populated\">\n\t\t\t\t\t\t<div class=\"elementor-element elementor-element-e3aab9a elementor-widget__width-initial elementor-widget elementor-widget-image\" data-id=\"e3aab9a\" data-element_type=\"widget\" data-e-type=\"widget\" data-widget_type=\"image.default\">\n\t\t\t\t\t\t\t\t\t\t\t\t\t\t\t<img decoding=\"async\" width=\"771\" height=\"1024\" src=\"https:\/\/labrigadechefs.com\/wp-content\/uploads\/2021\/07\/IMG_3679-scaled-e1769447870536-771x1024.jpeg\" class=\"attachment-large size-large wp-image-5344\" alt=\"\" srcset=\"https:\/\/labrigadechefs.com\/wp-content\/uploads\/2021\/07\/IMG_3679-scaled-e1769447870536-771x1024.jpeg 771w, https:\/\/labrigadechefs.com\/wp-content\/uploads\/2021\/07\/IMG_3679-scaled-e1769447870536-226x300.jpeg 226w, https:\/\/labrigadechefs.com\/wp-content\/uploads\/2021\/07\/IMG_3679-scaled-e1769447870536-768x1021.jpeg 768w, https:\/\/labrigadechefs.com\/wp-content\/uploads\/2021\/07\/IMG_3679-scaled-e1769447870536-1156x1536.jpeg 1156w, https:\/\/labrigadechefs.com\/wp-content\/uploads\/2021\/07\/IMG_3679-scaled-e1769447870536.jpeg 1225w\" sizes=\"(max-width: 771px) 100vw, 771px\" \/>\t\t\t\t\t\t\t\t\t\t\t\t\t\t\t<\/div>\n\t\t\t\t\t<\/div>\n\t\t<\/div>\n\t\t\t\t\t<\/div>\n\t\t<\/section>\n\t\t\t\t<section class=\"elementor-section elementor-top-section elementor-element elementor-element-e2be64f elementor-section-full_width qodef-elementor-content-grid elementor-section-height-default elementor-section-height-default\" data-id=\"e2be64f\" data-element_type=\"section\" data-e-type=\"section\" data-settings=\"{&quot;background_background&quot;:&quot;classic&quot;}\">\n\t\t\t\t\t\t<div class=\"elementor-container elementor-column-gap-default\">\n\t\t\t\t\t<div class=\"elementor-column elementor-col-50 elementor-top-column elementor-element elementor-element-d86af84\" data-id=\"d86af84\" data-element_type=\"column\" data-e-type=\"column\">\n\t\t\t<div class=\"elementor-widget-wrap elementor-element-populated\">\n\t\t\t\t\t\t<div class=\"elementor-element elementor-element-bc9caa9 elementor-widget__width-initial elementor-widget elementor-widget-image\" data-id=\"bc9caa9\" data-element_type=\"widget\" data-e-type=\"widget\" data-widget_type=\"image.default\">\n\t\t\t\t\t\t\t\t\t\t\t\t\t\t\t<img decoding=\"async\" width=\"623\" height=\"1024\" src=\"https:\/\/labrigadechefs.com\/wp-content\/uploads\/2026\/01\/Alex-e1769448022216-623x1024.jpeg\" class=\"attachment-large size-large wp-image-5346\" alt=\"\" \/>\t\t\t\t\t\t\t\t\t\t\t\t\t\t\t<\/div>\n\t\t\t\t\t<\/div>\n\t\t<\/div>\n\t\t\t\t<div class=\"elementor-column elementor-col-50 elementor-top-column elementor-element elementor-element-b84afa6\" data-id=\"b84afa6\" data-element_type=\"column\" data-e-type=\"column\">\n\t\t\t<div class=\"elementor-widget-wrap elementor-element-populated\">\n\t\t\t\t\t\t<div class=\"elementor-element elementor-element-bb5e680 elementor-widget elementor-widget-heading\" data-id=\"bb5e680\" data-element_type=\"widget\" data-e-type=\"widget\" data-widget_type=\"heading.default\">\n\t\t\t\t\t<h3 class=\"elementor-heading-title elementor-size-default\">Alex \u2014 Private Chef<\/h3>\t\t\t\t<\/div>\n\t\t\t\t<div class=\"elementor-element elementor-element-4eb1457 elementor-widget__width-initial elementor-widget elementor-widget-text-editor\" data-id=\"4eb1457\" data-element_type=\"widget\" data-e-type=\"widget\" data-widget_type=\"text-editor.default\">\n\t\t\t\t\t\t\t\t\t<div class=\"message__5126c cozyMessage__5126c wrapper_c19a55 cozy_c19a55 zalgo_c19a55\" tabindex=\"-1\" role=\"article\" data-list-item-id=\"chat-messages___chat-messages-678329335723065357-1466054869361361079\" aria-setsize=\"-1\" aria-roledescription=\"Message\" aria-labelledby=\"message-username-1466053247679729882 uid_1 message-content-1466054869361361079 uid_2 message-timestamp-1466054869361361079\"><div class=\"contents_c19a55\"><div id=\"message-content-1466054869361361079\" class=\"markup__75297 messageContent_c19a55\">Despu\u00e9s de m\u00e1s de diez a\u00f1os en la cocina tradicional, tom\u00e9 la decisi\u00f3n de convertirme en chef privado. Un punto de inflexi\u00f3n que transform\u00f3 profundamente mi carrera, pero sobre todo mi vida.<\/div><div>\u00a0<\/div><div class=\"markup__75297 messageContent_c19a55\">Este cambio me abri\u00f3 las puertas a otra forma de ejercer mi profesi\u00f3n: trabajar de manera directa con clientes privados, participar en eventos exclusivos, desarrollar proyectos internacionales y evolucionar en entornos donde cada misi\u00f3n es \u00fanica y cada nivel de exigencia es diferente.<\/div><div>\u00a0<\/div><div class=\"markup__75297 messageContent_c19a55\">Ser chef privado me ha aportado mucho m\u00e1s que un nuevo marco de trabajo. He ganado libertad, control sobre mi tiempo y calidad de vida. Tambi\u00e9n he desarrollado una visi\u00f3n m\u00e1s estrat\u00e9gica y empresarial de mi profesi\u00f3n, lejos de los esquemas cl\u00e1sicos de la restauraci\u00f3n.<\/div><div>\u00a0<\/div><div class=\"markup__75297 messageContent_c19a55\">Hoy, a trav\u00e9s de La Brigade, transmito esta realidad del terreno y las claves concretas que me permitieron construir un modelo s\u00f3lido, rentable y alineado, para ayudar a otros chefs a dar este paso y desarrollarse plenamente en el universo del chef privado.<\/div><\/div><\/div>\t\t\t\t\t\t\t\t<\/div>\n\t\t\t\t\t<\/div>\n\t\t<\/div>\n\t\t\t\t\t<\/div>\n\t\t<\/section>\n\t\t\t\t<\/div>","protected":false},"excerpt":{"rendered":"<p>Explore NOTRE \u00e9quipe Une formation cr\u00e9\u00e9e par des chefs, pour des chefs Guillaume \u2014 Chef Priv\u00e9 Je m\u2019appelle Guillaume, j\u2019ai 28 ans, et la cuisine est une vocation depuis mes 14 ans. Tr\u00e8s t\u00f4t, j\u2019ai choisi un parcours exigeant, en \u00e9voluant au sein de restaurants \u00e9toil\u00e9s, de palaces et d\u2019h\u00f4tels 5 \u00e9toiles, o\u00f9 l\u2019excellence et [&hellip;]<\/p>\n","protected":false},"author":1,"featured_media":0,"parent":0,"menu_order":0,"comment_status":"closed","ping_status":"closed","template":"elementor_header_footer","meta":{"footnotes":""},"class_list":["post-1310","page","type-page","status-publish","hentry"],"_links":{"self":[{"href":"https:\/\/labrigadechefs.com\/es\/wp-json\/wp\/v2\/pages\/1310","targetHints":{"allow":["GET"]}}],"collection":[{"href":"https:\/\/labrigadechefs.com\/es\/wp-json\/wp\/v2\/pages"}],"about":[{"href":"https:\/\/labrigadechefs.com\/es\/wp-json\/wp\/v2\/types\/page"}],"author":[{"embeddable":true,"href":"https:\/\/labrigadechefs.com\/es\/wp-json\/wp\/v2\/users\/1"}],"replies":[{"embeddable":true,"href":"https:\/\/labrigadechefs.com\/es\/wp-json\/wp\/v2\/comments?post=1310"}],"version-history":[{"count":72,"href":"https:\/\/labrigadechefs.com\/es\/wp-json\/wp\/v2\/pages\/1310\/revisions"}],"predecessor-version":[{"id":5558,"href":"https:\/\/labrigadechefs.com\/es\/wp-json\/wp\/v2\/pages\/1310\/revisions\/5558"}],"wp:attachment":[{"href":"https:\/\/labrigadechefs.com\/es\/wp-json\/wp\/v2\/media?parent=1310"}],"curies":[{"name":"wp","href":"https:\/\/api.w.org\/{rel}","templated":true}]}}