{"id":1230,"date":"2021-07-27T14:40:18","date_gmt":"2021-07-27T14:40:18","guid":{"rendered":"https:\/\/seafarer.qodeinteractive.com\/?page_id=1230"},"modified":"2026-01-08T20:57:20","modified_gmt":"2026-01-08T20:57:20","slug":"faq","status":"publish","type":"page","link":"https:\/\/labrigadechefs.com\/es\/faq\/","title":{"rendered":"FAQ"},"content":{"rendered":"<div data-elementor-type=\"wp-page\" data-elementor-id=\"1230\" class=\"elementor elementor-1230\">\n\t\t\t\t\t\t<section class=\"elementor-section elementor-top-section elementor-element elementor-element-818f90a elementor-section-full_width qodef-elementor-content-grid elementor-section-height-default elementor-section-height-default\" data-id=\"818f90a\" data-element_type=\"section\" data-e-type=\"section\">\n\t\t\t\t\t\t<div class=\"elementor-container elementor-column-gap-default\">\n\t\t\t\t\t<div class=\"elementor-column elementor-col-100 elementor-top-column elementor-element elementor-element-e340154\" data-id=\"e340154\" data-element_type=\"column\" data-e-type=\"column\">\n\t\t\t<div class=\"elementor-widget-wrap elementor-element-populated\">\n\t\t\t\t\t\t<div class=\"elementor-element elementor-element-4d75576 elementor-widget elementor-widget-seafarer_core_section_title\" data-id=\"4d75576\" data-element_type=\"widget\" data-e-type=\"widget\" data-widget_type=\"seafarer_core_section_title.default\">\n\t\t\t\t<div class=\"elementor-widget-container\">\n\t\t\t\t\t<div class=\"qodef-shortcode qodef-m qodef-section-title qodef-alignment--center\">\n\t\t<div class=\"qodef-m-image\">\n\t\t<img fetchpriority=\"high\" decoding=\"async\" src=\"https:\/\/labrigadechefs.com\/wp-content\/uploads\/2026\/01\/CMJN__Logo_LA_BRIGADE_NOIR-scaled-400x200.png\" alt=\"\" width=\"400\" height=\"200\" data-ratio=\"2\" \/>\t<\/div>\n\t<div class=\"qodef-m-content\">\n\t\t\n\t\t\t\t\t<h1 class=\"qodef-m-title\" >\n\t\t\t\t\tPreguntas frecuentes\t\t\t<\/h1>\n\t\t\t<\/div>\n<\/div>\n\t\t\t\t<\/div>\n\t\t\t\t<\/div>\n\t\t\t\t\t<\/div>\n\t\t<\/div>\n\t\t\t\t\t<\/div>\n\t\t<\/section>\n\t\t\t\t<section class=\"elementor-section elementor-top-section elementor-element elementor-element-4ad21c5 elementor-section-full_width qodef-elementor-content-grid elementor-section-height-default elementor-section-height-default\" data-id=\"4ad21c5\" data-element_type=\"section\" data-e-type=\"section\">\n\t\t\t\t\t\t<div class=\"elementor-container elementor-column-gap-default\">\n\t\t\t\t\t<div class=\"elementor-column elementor-col-50 elementor-top-column elementor-element elementor-element-7ade974\" data-id=\"7ade974\" data-element_type=\"column\" data-e-type=\"column\">\n\t\t\t<div class=\"elementor-widget-wrap elementor-element-populated\">\n\t\t\t\t\t\t<div class=\"elementor-element elementor-element-5e95b47 elementor-widget elementor-widget-seafarer_core_accordion\" data-id=\"5e95b47\" data-element_type=\"widget\" data-e-type=\"widget\" data-widget_type=\"seafarer_core_accordion.default\">\n\t\t\t\t<div class=\"elementor-widget-container\">\n\t\t\t\t\t<div class=\"qodef-shortcode qodef-m qodef-accordion clear qodef-behavior--accordion qodef-layout--simple\">\n\t<h5 class=\"qodef-accordion-title\">\n\t<span class=\"qodef-tab-title\">\u00bfA qui\u00e9n va dirigida la formaci\u00f3n de La Brigade?<\/span>\n\t<span class=\"qodef-accordion-mark\">\n\t\t<span class=\"qodef-icon--minus\">\n            <span class=\"qodef-m-icon\"> <span class=\"qodef-icon-linear-icons lnr-arrow-right lnr\" ><\/span> <\/span>\n        <\/span>\n\t\t<span class=\"qodef-icon--plus\">\n            <span class=\"qodef-m-icon\"> <span class=\"qodef-icon-linear-icons lnr-arrow-down lnr\" ><\/span> <\/span>\n        <\/span>\n\t<\/span>\n<\/h5>\n<div class=\"qodef-accordion-content\">\n\t<div class=\"qodef-accordion-content-inner\">\n\t\t<p>La formaci\u00f3n de La Brigade est\u00e1 dirigida a cocineros y chefs experimentados que desean evolucionar hacia la profesi\u00f3n de chef privado o chef de yate.<\/p><p>Est\u00e1 destinada a profesionales en busca de nuevos desaf\u00edos, deseosos de vivir nuevas experiencias profesionales y personales, dentro de un entorno exigente y exclusivo.<\/p><p>Una gran motivaci\u00f3n, as\u00ed como varios a\u00f1os de experiencia en cocina, son indispensables. Cada candidatura se eval\u00faa cuidadosamente para garantizar un alto nivel de exigencia dentro del programa.<\/p>\t<\/div>\n<\/div>\n<h5 class=\"qodef-accordion-title\">\n\t<span class=\"qodef-tab-title\">\u00bfC\u00f3mo se desarrolla la formaci\u00f3n?<\/span>\n\t<span class=\"qodef-accordion-mark\">\n\t\t<span class=\"qodef-icon--minus\">\n            <span class=\"qodef-m-icon\"> <span class=\"qodef-icon-linear-icons lnr-arrow-right lnr\" ><\/span> <\/span>\n        <\/span>\n\t\t<span class=\"qodef-icon--plus\">\n            <span class=\"qodef-m-icon\"> <span class=\"qodef-icon-linear-icons lnr-arrow-down lnr\" ><\/span> <\/span>\n        <\/span>\n\t<\/span>\n<\/h5>\n<div class=\"qodef-accordion-content\">\n\t<div class=\"qodef-accordion-content-inner\">\n\t\t<p>La formaci\u00f3n se desarrolla durante 90 d\u00edas y es 100\u202f% en l\u00ednea.<\/p><p>Combina:<\/p><ul><li>contenidos pedag\u00f3gicos claros y progresivos,<\/li><li>un acompa\u00f1amiento personalizado, con llamadas semanales para seguir tu progreso,<\/li><li>el acceso a una comunidad privada de chefs.<\/li><\/ul><p>Todo est\u00e1 dise\u00f1ado para permitirte avanzar de manera eficaz, a tu propio ritmo, mientras permaneces acompa\u00f1ado.<\/p>\t<\/div>\n<\/div>\n<\/div>\n\t\t\t\t<\/div>\n\t\t\t\t<\/div>\n\t\t\t\t\t<\/div>\n\t\t<\/div>\n\t\t\t\t<div class=\"elementor-column elementor-col-50 elementor-top-column elementor-element elementor-element-76795a8\" data-id=\"76795a8\" data-element_type=\"column\" data-e-type=\"column\">\n\t\t\t<div class=\"elementor-widget-wrap elementor-element-populated\">\n\t\t\t\t\t\t<div class=\"elementor-element elementor-element-b021817 elementor-widget elementor-widget-seafarer_core_accordion\" data-id=\"b021817\" data-element_type=\"widget\" data-e-type=\"widget\" data-widget_type=\"seafarer_core_accordion.default\">\n\t\t\t\t<div class=\"elementor-widget-container\">\n\t\t\t\t\t<div class=\"qodef-shortcode qodef-m qodef-accordion clear qodef-behavior--accordion qodef-layout--simple\">\n\t<h5 class=\"qodef-accordion-title\">\n\t<span class=\"qodef-tab-title\">\u00bfCu\u00e1nto tiempo tenemos acceso a la formaci\u00f3n?<\/span>\n\t<span class=\"qodef-accordion-mark\">\n\t\t<span class=\"qodef-icon--minus\">\n            <span class=\"qodef-m-icon\"> <span class=\"qodef-icon-linear-icons lnr-arrow-right lnr\" ><\/span> <\/span>\n        <\/span>\n\t\t<span class=\"qodef-icon--plus\">\n            <span class=\"qodef-m-icon\"> <span class=\"qodef-icon-linear-icons lnr-arrow-down lnr\" ><\/span> <\/span>\n        <\/span>\n\t<\/span>\n<\/h5>\n<div class=\"qodef-accordion-content\">\n\t<div class=\"qodef-accordion-content-inner\">\n\t\t<p>Una vez inscrito, tienes acceso de por vida a todos los contenidos de la formaci\u00f3n.<\/p><p>De este modo, puedes revisar los m\u00f3dulos y recursos en cualquier momento, incluso despu\u00e9s de finalizar el acompa\u00f1amiento de 90 d\u00edas.<\/p>\t<\/div>\n<\/div>\n<h5 class=\"qodef-accordion-title\">\n\t<span class=\"qodef-tab-title\">\u00bfSe nos garantiza encontrar trabajo despu\u00e9s de la formaci\u00f3n?<\/span>\n\t<span class=\"qodef-accordion-mark\">\n\t\t<span class=\"qodef-icon--minus\">\n            <span class=\"qodef-m-icon\"> <span class=\"qodef-icon-linear-icons lnr-arrow-right lnr\" ><\/span> <\/span>\n        <\/span>\n\t\t<span class=\"qodef-icon--plus\">\n            <span class=\"qodef-m-icon\"> <span class=\"qodef-icon-linear-icons lnr-arrow-down lnr\" ><\/span> <\/span>\n        <\/span>\n\t<\/span>\n<\/h5>\n<div class=\"qodef-accordion-content\">\n\t<div class=\"qodef-accordion-content-inner\">\n\t\t<p>Ninguna formaci\u00f3n seria puede garantizar un empleo al 100\u202f%.<\/p><p>\u00a0<\/p><p>En cambio, La Brigade te proporciona todas las herramientas concretas para maximizar tus oportunidades desde el final de la formaci\u00f3n y, a menudo, incluso durante el acompa\u00f1amiento.<\/p><p>\u00a0<\/p><p>Te ayudamos a estructurar tu actividad, posicionarte correctamente y acceder a nuestra red profesional, que incluye ofertas de empleo exclusivas.<\/p><p>\u00a0<\/p><p>Tu \u00e9xito depender\u00e1 de tu implicaci\u00f3n, pero nuestro objetivo es hacerte operativo, cre\u00edble y listo para aprovechar las oportunidades.<\/p>\t<\/div>\n<\/div>\n<\/div>\n\t\t\t\t<\/div>\n\t\t\t\t<\/div>\n\t\t\t\t\t<\/div>\n\t\t<\/div>\n\t\t\t\t\t<\/div>\n\t\t<\/section>\n\t\t\t\t<\/div>","protected":false},"excerpt":{"rendered":"<p>Questions Fr\u00e9quentes \u00c0 qui s\u2019adresse la formation La Brigade ? La formation La Brigade s\u2019adresse aux cuisiniers et chefs confirm\u00e9s souhaitant \u00e9voluer vers le m\u00e9tier de chef priv\u00e9 ou yacht chef. Elle est destin\u00e9e \u00e0 des professionnels en qu\u00eate de nouveaux challenges, d\u00e9sireux de vivre de nouvelles exp\u00e9riences professionnelles et personnelles, au sein d\u2019un univers [&hellip;]<\/p>\n","protected":false},"author":1,"featured_media":0,"parent":0,"menu_order":0,"comment_status":"closed","ping_status":"closed","template":"page-full-width.php","meta":{"footnotes":""},"class_list":["post-1230","page","type-page","status-publish","hentry"],"_links":{"self":[{"href":"https:\/\/labrigadechefs.com\/es\/wp-json\/wp\/v2\/pages\/1230","targetHints":{"allow":["GET"]}}],"collection":[{"href":"https:\/\/labrigadechefs.com\/es\/wp-json\/wp\/v2\/pages"}],"about":[{"href":"https:\/\/labrigadechefs.com\/es\/wp-json\/wp\/v2\/types\/page"}],"author":[{"embeddable":true,"href":"https:\/\/labrigadechefs.com\/es\/wp-json\/wp\/v2\/users\/1"}],"replies":[{"embeddable":true,"href":"https:\/\/labrigadechefs.com\/es\/wp-json\/wp\/v2\/comments?post=1230"}],"version-history":[{"count":9,"href":"https:\/\/labrigadechefs.com\/es\/wp-json\/wp\/v2\/pages\/1230\/revisions"}],"predecessor-version":[{"id":5268,"href":"https:\/\/labrigadechefs.com\/es\/wp-json\/wp\/v2\/pages\/1230\/revisions\/5268"}],"wp:attachment":[{"href":"https:\/\/labrigadechefs.com\/es\/wp-json\/wp\/v2\/media?parent=1230"}],"curies":[{"name":"wp","href":"https:\/\/api.w.org\/{rel}","templated":true}]}}